{"id":15700,"date":"2017-10-13T12:56:11","date_gmt":"2017-10-13T10:56:11","guid":{"rendered":"https:\/\/2024.voltangroup.com\/contacto\/"},"modified":"2024-05-07T12:30:03","modified_gmt":"2024-05-07T10:30:03","slug":"contact","status":"publish","type":"page","link":"https:\/\/voltangroup.com\/en\/contact\/","title":{"rendered":"Contact"},"content":{"rendered":"<div class=\"wpb-content-wrapper\">[vc_row full_width=&#8221;stretch_row&#8221; equal_height=&#8221;yes&#8221;][vc_column][vc_row_inner el_class=&#8221;hidden&#8221;][vc_column_inner width=&#8221;1\/4&#8243;][\/vc_column_inner][vc_column_inner width=&#8221;1\/2&#8243;]<div class=\"norebro-heading-sc heading text-left\"\n\tid=\"norebro-custom-69e200451e60c\" \n\t \n\t>\n\t\n\t\t\t<p class=\"subtitle\">\n\t\t\tContact our team of professionals\t\t<\/p>\n\t\n\t\n\t<h3 class=\"title subtitle-top\">\n\t\tOUR SPECIALIZED TECHNICIANS OFFER INTERNATIONAL COVERAGE.\t<\/h3>\n\n\t\n\t\t\n<\/div>[\/vc_column_inner][vc_column_inner width=&#8221;1\/4&#8243;][\/vc_column_inner][\/vc_row_inner][vc_empty_space height=&#8221;100px&#8221; el_class=&#8221;norebro-phone-space&#8221;]<div class=\"norebro-icon-box-sc icon-box text-left\" \n\tid=\"norebro-custom-69e200451e65c\" \n\t \n\t>\n\n\t<div class=\"icon-wrap\">\n\t\t\t<\/div>\n\n\t<div class=\"content-wrap\">\n\n\t\t<div class=\"content-center with-full\">\n\t\t\t<div class=\"wrap\">\n\t\t\t\t<h3>Madrid, Spain<\/h3>\n\t\t\t\t\t\t\t\t\t<p class=\"subtitle\">\n\t\t\t\t\t\tHeadquarters\t\t\t\t\t<\/p>\n\t\t\t\t\t\t\t<\/div>\n\t\t<\/div>\n\t\t\n\t\t\t<\/div>\n\t\t\n\t\t<p class=\"description content-full\">\n\t\t\tCalle Lagasca, 11, 1\u00baA, 28001 Madrid<br \/>\ninfo@voltangroup.com\t\t<\/p>\n\n\t\t\n\t\t\n<\/div>[vc_empty_space height=&#8221;15px&#8221;][vc_row_inner equal_height=&#8221;yes&#8221; content_placement=&#8221;middle&#8221;][vc_column_inner width=&#8221;1\/2&#8243; css=&#8221;.vc_custom_1503408191367{padding-top: 0px !important;}&#8221;][\/vc_column_inner][vc_column_inner width=&#8221;1\/2&#8243;][\/vc_column_inner][\/vc_row_inner][vc_empty_space height=&#8221;50px&#8221; el_class=&#8221;norebro-phone-space&#8221;][vc_separator color=&#8221;custom&#8221; el_width=&#8221;50&#8243; accent_color=&#8221;#004750&#8243;][vc_empty_space height=&#8221;50px&#8221; el_class=&#8221;norebro-phone-space&#8221;][vc_row_inner equal_height=&#8221;yes&#8221; content_placement=&#8221;middle&#8221;][vc_column_inner width=&#8221;1\/3&#8243; css=&#8221;.vc_custom_1503408191367{padding-top: 0px !important;}&#8221;]<div class=\"norebro-icon-box-sc icon-box text-left\" \n\tid=\"norebro-custom-69e200451e694\" \n\t \n\t>\n\n\t<div class=\"icon-wrap\">\n\t\t\t<\/div>\n\n\t<div class=\"content-wrap\">\n\n\t\t<div class=\"content-center with-full\">\n\t\t\t<div class=\"wrap\">\n\t\t\t\t<h3>A Coru\u00f1a, Spain<\/h3>\n\t\t\t\t\t\t\t<\/div>\n\t\t<\/div>\n\t\t\n\t\t\t<\/div>\n\t\t\n\t\t<p class=\"description content-full\">\n\t\t\tIndustrial Estate of Bergondo, Plot B-11, Parroquia de Gu\u00edsamo Street, 15165 Bergondo, A Coru\u00f1a\t\t<\/p>\n\n\t\t\n\t\t\n<\/div>[\/vc_column_inner][vc_column_inner width=&#8221;1\/3&#8243;]<div class=\"norebro-icon-box-sc icon-box text-left\" \n\tid=\"norebro-custom-69e200451e6ac\" \n\t \n\t>\n\n\t<div class=\"icon-wrap\">\n\t\t\t<\/div>\n\n\t<div class=\"content-wrap\">\n\n\t\t<div class=\"content-center with-full\">\n\t\t\t<div class=\"wrap\">\n\t\t\t\t<h3>As Pontes, Spain<\/h3>\n\t\t\t\t\t\t\t<\/div>\n\t\t<\/div>\n\t\t\n\t\t\t<\/div>\n\t\t\n\t\t<p class=\"description content-full\">\n\t\t\tIndustrial Estate Os Airios, Sector 2, Plot 15B<br \/>\n15320 As Pontes de Garc\u00eda Rodr\u00edguez, A Coru\u00f1a\t\t<\/p>\n\n\t\t\n\t\t\n<\/div>[\/vc_column_inner][vc_column_inner width=&#8221;1\/3&#8243;]<div class=\"norebro-icon-box-sc icon-box text-left\" \n\tid=\"norebro-custom-69e200451e6bf\" \n\t \n\t>\n\n\t<div class=\"icon-wrap\">\n\t\t\t<\/div>\n\n\t<div class=\"content-wrap\">\n\n\t\t<div class=\"content-center with-full\">\n\t\t\t<div class=\"wrap\">\n\t\t\t\t<h3>Ciudad Real, Spain<\/h3>\n\t\t\t\t\t\t\t<\/div>\n\t\t<\/div>\n\t\t\n\t\t\t<\/div>\n\t\t\n\t\t<p class=\"description content-full\">\n\t\t\tRonda del Carmen Street, 21, cv Cruz del Sur<br \/>\n13005 Ciudad Real\t\t<\/p>\n\n\t\t\n\t\t\n<\/div>[\/vc_column_inner][\/vc_row_inner][vc_row_inner equal_height=&#8221;yes&#8221; content_placement=&#8221;middle&#8221;][vc_column_inner width=&#8221;1\/3&#8243; css=&#8221;.vc_custom_1503408191367{padding-top: 0px !important;}&#8221;]<div class=\"norebro-icon-box-sc icon-box text-left\" \n\tid=\"norebro-custom-69e200451e6d1\" \n\t \n\t>\n\n\t<div class=\"icon-wrap\">\n\t\t\t<\/div>\n\n\t<div class=\"content-wrap\">\n\n\t\t<div class=\"content-center with-full\">\n\t\t\t<div class=\"wrap\">\n\t\t\t\t<h3>Yeles, Spain<\/h3>\n\t\t\t\t\t\t\t<\/div>\n\t\t<\/div>\n\t\t\n\t\t\t<\/div>\n\t\t\n\t\t<p class=\"description content-full\">\n\t\t\tTorrecilla Chica Street, 7<br \/>\n45220 Toledo\t\t<\/p>\n\n\t\t\n\t\t\n<\/div>[\/vc_column_inner][vc_column_inner width=&#8221;1\/3&#8243;]<div class=\"norebro-icon-box-sc icon-box text-left\" \n\tid=\"norebro-custom-69e200451e6e3\" \n\t \n\t>\n\n\t<div class=\"icon-wrap\">\n\t\t\t<\/div>\n\n\t<div class=\"content-wrap\">\n\n\t\t<div class=\"content-center with-full\">\n\t\t\t<div class=\"wrap\">\n\t\t\t\t<h3>Lisbon, Portugal<\/h3>\n\t\t\t\t\t\t\t<\/div>\n\t\t<\/div>\n\t\t\n\t\t\t<\/div>\n\t\t\n\t\t<p class=\"description content-full\">\n\t\t\tDuque de \u00c1vila Avenue, No. 46, 8th Floor<br \/>\n1050-083 Lisbon\t\t<\/p>\n\n\t\t\n\t\t\n<\/div>[\/vc_column_inner][vc_column_inner width=&#8221;1\/3&#8243;]<div class=\"norebro-icon-box-sc icon-box text-left\" \n\tid=\"norebro-custom-69e200451e6f4\" \n\t \n\t>\n\n\t<div class=\"icon-wrap\">\n\t\t\t<\/div>\n\n\t<div class=\"content-wrap\">\n\n\t\t<div class=\"content-center with-full\">\n\t\t\t<div class=\"wrap\">\n\t\t\t\t<h3>Lima, Peru<\/h3>\n\t\t\t\t\t\t\t<\/div>\n\t\t<\/div>\n\t\t\n\t\t\t<\/div>\n\t\t\n\t\t<p class=\"description content-full\">\n\t\t\tJos\u00e9 Pardo Avenue 513, Office 703<br \/>\nMiraflores 15074, Lima\t\t<\/p>\n\n\t\t\n\t\t\n<\/div>[\/vc_column_inner][\/vc_row_inner][vc_row_inner equal_height=&#8221;yes&#8221; content_placement=&#8221;middle&#8221;][vc_column_inner width=&#8221;1\/3&#8243; css=&#8221;.vc_custom_1503408191367{padding-top: 0px !important;}&#8221;]<div class=\"norebro-icon-box-sc icon-box text-left\" \n\tid=\"norebro-custom-69e200451e706\" \n\t \n\t>\n\n\t<div class=\"icon-wrap\">\n\t\t\t<\/div>\n\n\t<div class=\"content-wrap\">\n\n\t\t<div class=\"content-center with-full\">\n\t\t\t<div class=\"wrap\">\n\t\t\t\t<h3>Panama<\/h3>\n\t\t\t\t\t\t\t<\/div>\n\t\t<\/div>\n\t\t\n\t\t\t<\/div>\n\t\t\n\t\t<p class=\"description content-full\">\n\t\t\tLos \u00c1ngeles Urbanization, Ricardo J. Alfaro Street, PH Golden Point Tower, 16th Floor, Office 16-7<br \/>\nBethania District, Panama City\t\t<\/p>\n\n\t\t\n\t\t\n<\/div>[\/vc_column_inner][vc_column_inner width=&#8221;1\/3&#8243;]<div class=\"norebro-icon-box-sc icon-box text-left\" \n\tid=\"norebro-custom-69e200451e717\" \n\t \n\t>\n\n\t<div class=\"icon-wrap\">\n\t\t\t<\/div>\n\n\t<div class=\"content-wrap\">\n\n\t\t<div class=\"content-center with-full\">\n\t\t\t<div class=\"wrap\">\n\t\t\t\t<h3>Mexico City, Mexico<\/h3>\n\t\t\t\t\t\t\t<\/div>\n\t\t<\/div>\n\t\t\n\t\t\t<\/div>\n\t\t\n\t\t<p class=\"description content-full\">\n\t\t\tAv. Insurgentes Sur 688, Col. Del Valle, Del. Benito Ju\u00e1rez, CDMX\t\t<\/p>\n\n\t\t\n\t\t\n<\/div>[\/vc_column_inner][vc_column_inner width=&#8221;1\/3&#8243;][\/vc_column_inner][\/vc_row_inner][vc_empty_space height=&#8221;100px&#8221; el_class=&#8221;norebro-phone-space&#8221;][\/vc_column][\/vc_row][vc_row full_width=&#8221;stretch_row&#8221; equal_height=&#8221;yes&#8221; content_placement=&#8221;middle&#8221; css=&#8221;.vc_custom_1706713642268{background-color: #f8f8f8 !important;}&#8221;][vc_column width=&#8221;1\/2&#8243;][vc_empty_space height=&#8221;100px&#8221; el_class=&#8221;norebro-phone-space&#8221;]<div class=\"norebro-heading-sc heading text-left\"\n\tid=\"norebro-custom-69e200451e729\" \n\t \n\t>\n\t\n\t\t\t<p class=\"subtitle\">\n\t\t\tWe are here for you\t\t<\/p>\n\t\n\t\n\t<h3 class=\"title subtitle-top\">\n\t\tAllow us to be part of your project\t<\/h3>\n\n\t\n\t\t\n<\/div>[vc_empty_space height=&#8221;15px&#8221;]<div class=\"norebro-contact-from-sc contact-form  text-left classic\"\n\tid=\"norebro-custom-69e200451e739\" \n\t \n\t>\n\n\t\n<div class=\"wpcf7 no-js\" id=\"wpcf7-f14346-o1\" lang=\"en-US\" dir=\"ltr\">\n<div class=\"screen-reader-response\"><p role=\"status\" aria-live=\"polite\" aria-atomic=\"true\"><\/p> <ul><\/ul><\/div>\n<form action=\"\/en\/wp-json\/wp\/v2\/pages\/15700#wpcf7-f14346-o1\" method=\"post\" class=\"wpcf7-form init\" aria-label=\"Contact form\" novalidate=\"novalidate\" data-status=\"init\">\n<div style=\"display: none;\">\n<input type=\"hidden\" name=\"_wpcf7\" value=\"14346\" \/>\n<input type=\"hidden\" name=\"_wpcf7_version\" value=\"5.8.3\" \/>\n<input type=\"hidden\" name=\"_wpcf7_locale\" value=\"en_US\" \/>\n<input type=\"hidden\" name=\"_wpcf7_unit_tag\" value=\"wpcf7-f14346-o1\" \/>\n<input type=\"hidden\" name=\"_wpcf7_container_post\" value=\"0\" \/>\n<input type=\"hidden\" name=\"_wpcf7_posted_data_hash\" value=\"\" \/>\n<input type=\"hidden\" name=\"_wpcf7_recaptcha_response\" value=\"\" \/>\n<\/div>\n<div class=\"input-group\">\n\t<p><label><br \/>\n<span class=\"wpcf7-form-control-wrap\" data-name=\"your-name\"><input size=\"40\" class=\"wpcf7-form-control wpcf7-text wpcf7-validates-as-required\" aria-required=\"true\" aria-invalid=\"false\" placeholder=\"Your name*\" value=\"\" type=\"text\" name=\"your-name\" \/><\/span><br \/>\n<\/label>\n\t<\/p>\n<\/div>\n<div class=\"input-group\">\n\t<p><label><br \/>\n<span class=\"wpcf7-form-control-wrap\" data-name=\"your-email\"><input size=\"40\" class=\"wpcf7-form-control wpcf7-email wpcf7-validates-as-required wpcf7-text wpcf7-validates-as-email\" aria-required=\"true\" aria-invalid=\"false\" placeholder=\"Your email address*\" value=\"\" type=\"email\" name=\"your-email\" \/><\/span><br \/>\n<\/label><br \/>\n<label><br \/>\n<span class=\"wpcf7-form-control-wrap\" data-name=\"your-business\"><input size=\"40\" class=\"wpcf7-form-control wpcf7-text wpcf7-validates-as-required\" aria-required=\"true\" aria-invalid=\"false\" placeholder=\"Your business*\" value=\"\" type=\"text\" name=\"your-business\" \/><\/span><br \/>\n<\/label>\n\t<\/p>\n<\/div>\n<div class=\"input-group\">\n\t<p><label><br \/>\n<span class=\"wpcf7-form-control-wrap\" data-name=\"your-phone\"><input size=\"40\" class=\"wpcf7-form-control wpcf7-tel wpcf7-text wpcf7-validates-as-tel\" aria-invalid=\"false\" placeholder=\"Your phone number\" value=\"\" type=\"tel\" name=\"your-phone\" \/><\/span><br \/>\n<\/label><br \/>\n<label><br \/>\n<span class=\"wpcf7-form-control-wrap\" data-name=\"your-energy\"><select class=\"wpcf7-form-control wpcf7-select wpcf7-validates-as-required\" aria-required=\"true\" aria-invalid=\"false\" name=\"your-energy\"><option value=\"Select an option\">Select an option<\/option><option value=\"Voltage\">Voltage<\/option><option value=\"Renewable Gases\">Renewable Gases<\/option><option value=\"Gas (Natural Gas, LNG, LPG)\">Gas (Natural Gas, LNG, LPG)<\/option><option value=\"Energy Transition\">Energy Transition<\/option><option value=\"Industrial\">Industrial<\/option><option value=\"Renewable Energies\">Renewable Energies<\/option><option value=\"Substations\">Substations<\/option><option value=\"Electric T&amp;D Lines\">Electric T&amp;D Lines<\/option><option value=\"Electrification Mobility\">Electrification Mobility<\/option><\/select><\/span><br \/>\n<\/label>\n\t<\/p>\n<\/div>\n<div class=\"input-group\">\n\t<p><label><br \/>\n<span class=\"wpcf7-form-control-wrap\" data-name=\"your-subject\"><input size=\"40\" class=\"wpcf7-form-control wpcf7-text wpcf7-validates-as-required\" aria-required=\"true\" aria-invalid=\"false\" placeholder=\"Message\" value=\"\" type=\"text\" name=\"your-subject\" \/><\/span><br \/>\n<\/label>\n\t<\/p>\n<\/div>\n<p><span class=\"wpcf7-form-control-wrap\" data-name=\"acceptance-151\"><span class=\"wpcf7-form-control wpcf7-acceptance optional\"><span class=\"wpcf7-list-item\"><label><input type=\"checkbox\" name=\"acceptance-151\" value=\"1\" aria-invalid=\"false\" \/><span class=\"wpcf7-list-item-label\">I have read and understand the information regarding the use of my personal data explained in the <a href=\"\/en\/privacy-policy\/\">Privacy Policy<\/a><\/span><\/label><\/span><\/span><\/span><br \/>\n<input class=\"wpcf7-form-control wpcf7-submit has-spinner\" type=\"submit\" value=\"Send\" \/>\n<\/p><div class=\"wpcf7-response-output\" aria-hidden=\"true\"><\/div>\n<\/form>\n<\/div>\n\n\t<div class=\"hidden\" data-contact-btn=\"true\">\n\t\t<button class=\"btn  btn-outline\">\n\t\t\t<span class=\"btn-load\"><\/span>\n\t\t\t<span class=\"text\"><\/span>\n\t\t<\/button>\n\t<\/div>\n<\/div>[vc_empty_space height=&#8221;100px&#8221; el_class=&#8221;norebro-phone-space&#8221;][\/vc_column][vc_column width=&#8221;1\/2&#8243;][vc_empty_space height=&#8221;100px&#8221; el_class=&#8221;norebro-phone-space&#8221;]<div class=\"norebro-google-maps-sc google-maps\" id=\"norebro-custom-69e200451eb63\" \ndata-google-map=\"true\" data-google-map-zoom=\"14\"\n data-google-map-zoom-enable=\"true\"data-google-map-marker=\"https:\/\/voltangroup.com\/wp-content\/plugins\/norebro-extra\/shortcodes\/google_maps\/images\/google-maps-marker.png\"\ndata-google-map-style=\"default\"\n>\n\t\n\t<div class=\"google-maps-wrap\"><\/div>\n\t<div class=\"hidden\" data-google-map-markers=\"true\">40.4220565, -3.6858970<\/div>\n\n<\/div>[vc_empty_space height=&#8221;100px&#8221; el_class=&#8221;norebro-phone-space&#8221;][\/vc_column][\/vc_row][vc_row full_width=&#8221;stretch_row_content_no_spaces&#8221;][vc_column]<div class=\"norebro-socialbar-sc socialbar  text-center new-tab-links boxed social-column-5 hidden\" \n\tid=\"norebro-custom-69e200451eb92\" \n\t \n\t>\n\n\t\t\t<a href=\" #\" target=\"_blank\" class=\"twitter\">\n\t\t\t\t\t\t<i class=\"fab fa-x-twitter\"><\/i>\n\t\t\t\t\t\t\t\t\t<span class=\"social-text\">Twitter<\/span>\n\t\t\t\t\t<\/a>\n\t\n\t\t\t<a href=\" #\" target=\"_blank\" class=\"facebook\">\n\t\t\t\t\t\t<i class=\"fab fa-facebook\"><\/i>\n\t\t\t\t\t\t\t\t\t<span class=\"social-text\">Facebook<\/span>\n\t\t\t\t\t<\/a>\n\t\n\t\t\t<a href=\" #\" target=\"_blank\" class=\"instagram\">\n\t\t\t\t\t\t<i class=\"fab fa-instagram\"><\/i>\n\t\t\t\t\t\t\t\t\t<span class=\"social-text\">Instagram<\/span>\n\t\t\t\t\t<\/a>\n\t\n\t\t\t<a href=\" #\" target=\"_blank\" class=\"dribbble\">\n\t\t\t\t\t\t<i class=\"fab fa-dribbble\"><\/i>\n\t\t\t\t\t\t\t\t\t<span class=\"social-text\">Dribbble<\/span>\n\t\t\t\t\t<\/a>\n\t\n\t\n\t\t\t<a href=\" #\" target=\"_blank\" class=\"pinterest\">\n\t\t\t\t\t\t<i class=\"fab fa-pinterest-p\"><\/i>\n\t\t\t\t\t\t\t\t\t<span class=\"social-text\">Pinterest<\/span>\n\t\t\t\t\t<\/a>\n\t\n\t\n\t\n\t\n\t\n\t\n\t\n\t\n\t\n\t\n\t\n\t\n\t\n\t<\/div>[\/vc_column][\/vc_row]\n<\/div>","protected":false},"excerpt":{"rendered":"<p>[vc_row full_width=&#8221;stretch_row&#8221; equal_height=&#8221;yes&#8221;][vc_column][vc_row_inner el_class=&#8221;hidden&#8221;][vc_column_inner width=&#8221;1\/4&#8243;][\/vc_column_inner][vc_column_inner width=&#8221;1\/2&#8243;][\/vc_column_inner][vc_column_inner width=&#8221;1\/4&#8243;][\/vc_column_inner][\/vc_row_inner][vc_empty_space height=&#8221;100px&#8221; el_class=&#8221;norebro-phone-space&#8221;][vc_empty_space height=&#8221;15px&#8221;][vc_row_inner equal_height=&#8221;yes&#8221; content_placement=&#8221;middle&#8221;][vc_column_inner width=&#8221;1\/2&#8243; css=&#8221;.vc_custom_1503408191367{padding-top:&#8230;<\/p>\n","protected":false},"author":1,"featured_media":0,"parent":0,"menu_order":0,"comment_status":"closed","ping_status":"closed","template":"","meta":{"footnotes":""},"class_list":["post-15700","page","type-page","status-publish","hentry"],"acf":[],"yoast_head":"<!-- This site is optimized with the Yoast SEO plugin v22.8 - https:\/\/yoast.com\/wordpress\/plugins\/seo\/ -->\n<title>Contact - Voltan<\/title>\n<meta name=\"description\" content=\"Get in touch with us for global coverage with highly specialized technicians. We&#039;re here to support you with your project.\" \/>\n<meta name=\"robots\" content=\"index, follow, max-snippet:-1, max-image-preview:large, max-video-preview:-1\" \/>\n<link rel=\"canonical\" href=\"https:\/\/voltangroup.com\/contacto\/\" \/>\n<meta property=\"og:locale\" content=\"en_US\" \/>\n<meta property=\"og:type\" content=\"article\" \/>\n<meta property=\"og:title\" content=\"Contact - Voltan\" \/>\n<meta property=\"og:description\" content=\"Get in touch with us for global coverage with highly specialized technicians. We&#039;re here to support you with your project.\" \/>\n<meta property=\"og:url\" content=\"https:\/\/voltangroup.com\/contacto\/\" \/>\n<meta property=\"og:site_name\" content=\"Voltan\" \/>\n<meta property=\"article:modified_time\" content=\"2024-05-07T10:30:03+00:00\" \/>\n<meta name=\"twitter:card\" content=\"summary_large_image\" \/>\n<meta name=\"twitter:label1\" content=\"Est. reading time\" \/>\n\t<meta name=\"twitter:data1\" content=\"2 minutes\" \/>\n<script type=\"application\/ld+json\" class=\"yoast-schema-graph\">{\"@context\":\"https:\/\/schema.org\",\"@graph\":[{\"@type\":\"WebPage\",\"@id\":\"https:\/\/voltangroup.com\/contacto\/\",\"url\":\"https:\/\/voltangroup.com\/contacto\/\",\"name\":\"Contact - Voltan\",\"isPartOf\":{\"@id\":\"https:\/\/voltangroup.com\/#website\"},\"datePublished\":\"2017-10-13T10:56:11+00:00\",\"dateModified\":\"2024-05-07T10:30:03+00:00\",\"description\":\"Get in touch with us for global coverage with highly specialized technicians. We're here to support you with your project.\",\"breadcrumb\":{\"@id\":\"https:\/\/voltangroup.com\/contacto\/#breadcrumb\"},\"inLanguage\":\"en-US\",\"potentialAction\":[{\"@type\":\"ReadAction\",\"target\":[\"https:\/\/voltangroup.com\/contacto\/\"]}]},{\"@type\":\"BreadcrumbList\",\"@id\":\"https:\/\/voltangroup.com\/contacto\/#breadcrumb\",\"itemListElement\":[{\"@type\":\"ListItem\",\"position\":1,\"name\":\"Portada\",\"item\":\"https:\/\/voltangroup.com\/en\/\"},{\"@type\":\"ListItem\",\"position\":2,\"name\":\"Contact\"}]},{\"@type\":\"WebSite\",\"@id\":\"https:\/\/voltangroup.com\/#website\",\"url\":\"https:\/\/voltangroup.com\/\",\"name\":\"Voltan | Multitechnical Field Service\",\"description\":\"\",\"publisher\":{\"@id\":\"https:\/\/voltangroup.com\/#organization\"},\"potentialAction\":[{\"@type\":\"SearchAction\",\"target\":{\"@type\":\"EntryPoint\",\"urlTemplate\":\"https:\/\/voltangroup.com\/?s={search_term_string}\"},\"query-input\":\"required name=search_term_string\"}],\"inLanguage\":\"en-US\"},{\"@type\":\"Organization\",\"@id\":\"https:\/\/voltangroup.com\/#organization\",\"name\":\"Voltan | Multitechnical Field Service\",\"url\":\"https:\/\/voltangroup.com\/\",\"logo\":{\"@type\":\"ImageObject\",\"inLanguage\":\"en-US\",\"@id\":\"https:\/\/voltangroup.com\/#\/schema\/logo\/image\/\",\"url\":\"https:\/\/voltangroup.com\/wp-content\/uploads\/2023\/11\/voltan-positivox2.png\",\"contentUrl\":\"https:\/\/voltangroup.com\/wp-content\/uploads\/2023\/11\/voltan-positivox2.png\",\"width\":900,\"height\":195,\"caption\":\"Voltan | Multitechnical Field Service\"},\"image\":{\"@id\":\"https:\/\/voltangroup.com\/#\/schema\/logo\/image\/\"}}]}<\/script>\n<!-- \/ Yoast SEO plugin. -->","yoast_head_json":{"title":"Contact - Voltan","description":"Get in touch with us for global coverage with highly specialized technicians. We're here to support you with your project.","robots":{"index":"index","follow":"follow","max-snippet":"max-snippet:-1","max-image-preview":"max-image-preview:large","max-video-preview":"max-video-preview:-1"},"canonical":"https:\/\/voltangroup.com\/contacto\/","og_locale":"en_US","og_type":"article","og_title":"Contact - Voltan","og_description":"Get in touch with us for global coverage with highly specialized technicians. We're here to support you with your project.","og_url":"https:\/\/voltangroup.com\/contacto\/","og_site_name":"Voltan","article_modified_time":"2024-05-07T10:30:03+00:00","twitter_card":"summary_large_image","twitter_misc":{"Est. reading time":"2 minutes"},"schema":{"@context":"https:\/\/schema.org","@graph":[{"@type":"WebPage","@id":"https:\/\/voltangroup.com\/contacto\/","url":"https:\/\/voltangroup.com\/contacto\/","name":"Contact - Voltan","isPartOf":{"@id":"https:\/\/voltangroup.com\/#website"},"datePublished":"2017-10-13T10:56:11+00:00","dateModified":"2024-05-07T10:30:03+00:00","description":"Get in touch with us for global coverage with highly specialized technicians. We're here to support you with your project.","breadcrumb":{"@id":"https:\/\/voltangroup.com\/contacto\/#breadcrumb"},"inLanguage":"en-US","potentialAction":[{"@type":"ReadAction","target":["https:\/\/voltangroup.com\/contacto\/"]}]},{"@type":"BreadcrumbList","@id":"https:\/\/voltangroup.com\/contacto\/#breadcrumb","itemListElement":[{"@type":"ListItem","position":1,"name":"Portada","item":"https:\/\/voltangroup.com\/en\/"},{"@type":"ListItem","position":2,"name":"Contact"}]},{"@type":"WebSite","@id":"https:\/\/voltangroup.com\/#website","url":"https:\/\/voltangroup.com\/","name":"Voltan | Multitechnical Field Service","description":"","publisher":{"@id":"https:\/\/voltangroup.com\/#organization"},"potentialAction":[{"@type":"SearchAction","target":{"@type":"EntryPoint","urlTemplate":"https:\/\/voltangroup.com\/?s={search_term_string}"},"query-input":"required name=search_term_string"}],"inLanguage":"en-US"},{"@type":"Organization","@id":"https:\/\/voltangroup.com\/#organization","name":"Voltan | Multitechnical Field Service","url":"https:\/\/voltangroup.com\/","logo":{"@type":"ImageObject","inLanguage":"en-US","@id":"https:\/\/voltangroup.com\/#\/schema\/logo\/image\/","url":"https:\/\/voltangroup.com\/wp-content\/uploads\/2023\/11\/voltan-positivox2.png","contentUrl":"https:\/\/voltangroup.com\/wp-content\/uploads\/2023\/11\/voltan-positivox2.png","width":900,"height":195,"caption":"Voltan | Multitechnical Field Service"},"image":{"@id":"https:\/\/voltangroup.com\/#\/schema\/logo\/image\/"}}]}},"_links":{"self":[{"href":"https:\/\/voltangroup.com\/en\/wp-json\/wp\/v2\/pages\/15700","targetHints":{"allow":["GET"]}}],"collection":[{"href":"https:\/\/voltangroup.com\/en\/wp-json\/wp\/v2\/pages"}],"about":[{"href":"https:\/\/voltangroup.com\/en\/wp-json\/wp\/v2\/types\/page"}],"author":[{"embeddable":true,"href":"https:\/\/voltangroup.com\/en\/wp-json\/wp\/v2\/users\/1"}],"replies":[{"embeddable":true,"href":"https:\/\/voltangroup.com\/en\/wp-json\/wp\/v2\/comments?post=15700"}],"version-history":[{"count":6,"href":"https:\/\/voltangroup.com\/en\/wp-json\/wp\/v2\/pages\/15700\/revisions"}],"predecessor-version":[{"id":15993,"href":"https:\/\/voltangroup.com\/en\/wp-json\/wp\/v2\/pages\/15700\/revisions\/15993"}],"wp:attachment":[{"href":"https:\/\/voltangroup.com\/en\/wp-json\/wp\/v2\/media?parent=15700"}],"curies":[{"name":"wp","href":"https:\/\/api.w.org\/{rel}","templated":true}]}}